{"id":10329,"date":"2016-09-02T09:07:21","date_gmt":"2016-09-02T09:07:21","guid":{"rendered":"https:\/\/peru-n-u.com\/blog\/"},"modified":"2025-10-16T05:07:26","modified_gmt":"2025-10-16T05:07:26","slug":"blog","status":"publish","type":"page","link":"https:\/\/peru-n-u.com\/es\/blog\/","title":{"rendered":"Explora Per\u00fa: Tu Blog de Viajes Peru &amp; U"},"content":{"rendered":"\n<p>\u00a1Emb\u00e1rcate en un viaje por Per\u00fa con el blog de viajes Peru &amp; U, tu gu\u00eda definitiva para aventuras inolvidables! Descubre gu\u00edas expertas de Machu Picchu, consejos pr\u00e1cticos para viajar por Per\u00fa y relatos vibrantes que destacan la rica cultura y los impresionantes paisajes peruanos. Desde los coloridos mercados de Cusco hasta las tranquilas orillas del lago Titicaca, nuestro blog ofrece recomendaciones \u00fatiles y perspectivas aut\u00e9nticas para viajeros solitarios, familias y amantes de la aventura. \u00a1Planifica tus vacaciones so\u00f1adas en Per\u00fa con nuestros consejos seleccionados y comienza tu aventura hoy!<\/p>\n","protected":false},"excerpt":{"rendered":"<p>\u00a1Emb\u00e1rcate en un viaje por Per\u00fa con el blog de viajes Peru &amp; U, tu gu\u00eda definitiva para aventuras inolvidables! Descubre gu\u00edas expertas de Machu Picchu, consejos pr\u00e1cticos para viajar por Per\u00fa y relatos vibrantes que destacan la rica cultura y los impresionantes paisajes peruanos. Desde los coloridos mercados de Cusco hasta las tranquilas orillas [&hellip;]<\/p>\n","protected":false},"author":1,"featured_media":0,"parent":0,"menu_order":0,"comment_status":"closed","ping_status":"closed","template":"","meta":{"footnotes":""},"class_list":["post-10329","page","type-page","status-publish","hentry"],"_links":{"self":[{"href":"https:\/\/peru-n-u.com\/es\/wp-json\/wp\/v2\/pages\/10329","targetHints":{"allow":["GET"]}}],"collection":[{"href":"https:\/\/peru-n-u.com\/es\/wp-json\/wp\/v2\/pages"}],"about":[{"href":"https:\/\/peru-n-u.com\/es\/wp-json\/wp\/v2\/types\/page"}],"author":[{"embeddable":true,"href":"https:\/\/peru-n-u.com\/es\/wp-json\/wp\/v2\/users\/1"}],"replies":[{"embeddable":true,"href":"https:\/\/peru-n-u.com\/es\/wp-json\/wp\/v2\/comments?post=10329"}],"version-history":[{"count":5,"href":"https:\/\/peru-n-u.com\/es\/wp-json\/wp\/v2\/pages\/10329\/revisions"}],"predecessor-version":[{"id":11038,"href":"https:\/\/peru-n-u.com\/es\/wp-json\/wp\/v2\/pages\/10329\/revisions\/11038"}],"wp:attachment":[{"href":"https:\/\/peru-n-u.com\/es\/wp-json\/wp\/v2\/media?parent=10329"}],"curies":[{"name":"wp","href":"https:\/\/api.w.org\/{rel}","templated":true}]}}